{"id":153,"date":"2025-08-12T17:36:57","date_gmt":"2025-08-12T16:36:57","guid":{"rendered":"https:\/\/bois-dentelle.fr\/?page_id=153"},"modified":"2025-08-12T17:40:07","modified_gmt":"2025-08-12T16:40:07","slug":"tarifs","status":"publish","type":"page","link":"https:\/\/bois-dentelle.fr\/index.php\/tarifs\/","title":{"rendered":"Tarifs"},"content":{"rendered":"\n<div class=\"wp-block-group alignfull column-parent-border-radius has-global-padding is-content-justification-center is-layout-constrained wp-container-core-group-is-layout-32af829f wp-block-group-is-layout-constrained\" style=\"margin-top:0;margin-bottom:0;padding-top:0;padding-right:0;padding-bottom:0;padding-left:0\">\n<div class=\"wp-block-columns is-layout-flex wp-container-core-columns-is-layout-5b4629b4 wp-block-columns-is-layout-flex\" style=\"margin-top:var(--wp--preset--spacing--superbspacing-xxsmall);margin-bottom:var(--wp--preset--spacing--superbspacing-xxsmall);padding-top:var(--wp--preset--spacing--superbspacing-xxsmall);padding-right:var(--wp--preset--spacing--superbspacing-xxsmall);padding-bottom:var(--wp--preset--spacing--superbspacing-xxsmall);padding-left:var(--wp--preset--spacing--superbspacing-xxsmall)\">\n<div class=\"wp-block-column has-primary-background-color has-background is-layout-flow wp-block-column-is-layout-flow\" style=\"padding-top:var(--wp--preset--spacing--superbspacing-small);padding-right:var(--wp--preset--spacing--superbspacing-small);padding-bottom:var(--wp--preset--spacing--superbspacing-small);padding-left:var(--wp--preset--spacing--superbspacing-small);flex-basis:1500px\">\n<h4 class=\"wp-block-heading has-mono-4-color has-text-color has-link-color has-superbfont-large-font-size wp-elements-43f30f53c3916e926081307ec4d810be\" style=\"margin-top:0;margin-right:0;margin-bottom:0;margin-left:0\"><strong>Formule basique<\/strong> <\/h4>\n\n\n\n<p class=\"has-base-color has-text-color has-link-color has-superbfont-medium-font-size wp-elements-8313bb821faa6724e0fd26ce79422263\">(Sur une base de 50 invit\u00e9s)<\/p>\n\n\n\n<ul class=\"wp-block-list has-base-color has-text-color has-link-color wp-elements-e87d8e62d7ed360a78a840f4d6b180cf\">\n<li class=\"has-base-color has-text-color has-link-color has-superbfont-medium-font-size wp-elements-3f5eaaf0b9c412b55185ea4d0c85ab0e\">Visite du lieu<\/li>\n\n\n\n<li class=\"has-base-color has-text-color has-link-color has-superbfont-medium-font-size wp-elements-10d61708461b1fd6583bf4edd271776f\">Apport de conseils divers<\/li>\n\n\n\n<li class=\"has-base-color has-text-color has-link-color has-superbfont-medium-font-size wp-elements-3bc0953c75ae81d0a246424eabc1984e\">Recherches et mise en contact avec des prestataires : domaine, traiteur, fleuriste, photographe, faire-part, DJ, officiant de c\u00e9r\u00e9monie.<\/li>\n\n\n\n<li class=\"has-base-color has-text-color has-link-color has-superbfont-medium-font-size wp-elements-01edc87d70ef232792d24fd0a8018e30\">Cr\u00e9ation du r\u00e9troplanning pour les mari\u00e9s et les prestataires<\/li>\n\n\n\n<li class=\"has-base-color has-text-color has-link-color has-superbfont-medium-font-size wp-elements-5b25e014542a5fef1dcbd3a058c218f6\">Briefing avec les prestataires<\/li>\n\n\n\n<li class=\"has-contrast-light-color has-text-color has-link-color has-superbfont-medium-font-size wp-elements-25c73018aec2fa7e8218d15d9576d128\">Briefing avec les mari\u00e9(e)s<\/li>\n\n\n\n<li class=\"has-contrast-light-color has-text-color has-link-color has-superbfont-medium-font-size wp-elements-bd93cfe2355936009728938aefa78812\">Accueil des prestataires<\/li>\n\n\n\n<li class=\"has-contrast-light-color has-text-color has-link-color has-superbfont-medium-font-size wp-elements-476e0728eb956303b9749f8e8d40b9d3\">Accueil des invit\u00e9s<\/li>\n\n\n\n<li class=\"has-base-color has-text-color has-link-color has-superbfont-medium-font-size wp-elements-7bbb1e09afa37f5268c9a6b276357b65\">Pr\u00e9sence et coordination de l&rsquo;\u00e9v\u00e9nement le jour du mariage.<\/li>\n<\/ul>\n\n\n\n<h2 class=\"wp-block-heading has-base-color has-text-color has-link-color has-superbfont-large-font-size wp-elements-2caa3ec0018bc33ae45625a4ee85898a\">Tarif : \u00e0 partir de 1 000 \u20ac<\/h2>\n\n\n\n<p class=\"has-base-color has-text-color has-link-color has-superbfont-medium-font-size wp-elements-14242201cf5d82236c580a6487dd9277\">(Si vous avez moins de 50 invit\u00e9s, merci de nous contacter pour obtenir un tarif adapt\u00e9)<\/p>\n<\/div>\n\n\n\n<div class=\"wp-block-column has-primary-background-color has-background is-layout-flow wp-block-column-is-layout-flow\" style=\"padding-top:var(--wp--preset--spacing--superbspacing-small);padding-right:var(--wp--preset--spacing--superbspacing-small);padding-bottom:var(--wp--preset--spacing--superbspacing-small);padding-left:var(--wp--preset--spacing--superbspacing-small);flex-basis:1500px\">\n<h4 class=\"wp-block-heading has-mono-4-color has-text-color has-link-color has-superbfont-large-font-size wp-elements-1eb3c14ee3262e2d3a565774b247d2b3\" style=\"margin-top:0;margin-bottom:0\">Formule Cl\u00e9s en Main<\/h4>\n\n\n\n<p class=\"has-base-color has-text-color has-link-color has-superbfont-medium-font-size wp-elements-8313bb821faa6724e0fd26ce79422263\">(Sur une base de 50 invit\u00e9s)<\/p>\n\n\n\n<ul class=\"wp-block-list\">\n<li class=\"has-base-color has-text-color has-link-color has-superbfont-medium-font-size wp-elements-3f5eaaf0b9c412b55185ea4d0c85ab0e\">Visite du lieu<\/li>\n\n\n\n<li class=\"has-base-color has-text-color has-link-color has-superbfont-medium-font-size wp-elements-19d006122fcc2df6b2594fb24399146b\">Recherches et mise en contact avec prestataires au choix : traiteur, fleuriste, photographe, faire-part, DJ, officiant de c\u00e9r\u00e9monie\u2026<\/li>\n\n\n\n<li class=\"has-base-color has-text-color has-link-color has-superbfont-medium-font-size wp-elements-dd59c8238e4d1c732bf23c22534dbc49\">Un rendez-vous avec les futurs mari\u00e9s<\/li>\n\n\n\n<li class=\"has-base-color has-text-color has-link-color has-superbfont-medium-font-size wp-elements-6cc033d35344f3b74c2ebb322213dbd0\">Une visite technique sur le domaine avec les prestataires<\/li>\n\n\n\n<li class=\"has-base-color has-text-color has-link-color has-superbfont-medium-font-size wp-elements-01edc87d70ef232792d24fd0a8018e30\">Cr\u00e9ation du r\u00e9troplanning pour les mari\u00e9s et les prestataires<\/li>\n\n\n\n<li class=\"has-base-color has-text-color has-link-color has-superbfont-medium-font-size wp-elements-0cde91306a2a92c3265cec0f85c238bd\">Apport de conseils<\/li>\n\n\n\n<li class=\"has-base-color has-text-color has-link-color has-superbfont-medium-font-size wp-elements-5b25e014542a5fef1dcbd3a058c218f6\">Briefing avec les prestataires<\/li>\n\n\n\n<li class=\"has-base-color has-text-color has-link-color has-superbfont-medium-font-size wp-elements-557dd5d3b63cf7d7be75d38663092f40\">Briefing avec les mari\u00e9(e)s<\/li>\n\n\n\n<li class=\"has-base-color has-text-color has-link-color has-superbfont-medium-font-size wp-elements-be733652d9e38a735b9fcd27ad786053\">Achats d\u00e9co (si autre envie que la d\u00e9co d\u00e9j\u00e0 existante) en option<\/li>\n\n\n\n<li class=\"has-base-color has-text-color has-link-color has-superbfont-medium-font-size wp-elements-6d138ca3b81397356749e8f7d2759590\">Accueil des prestataires<\/li>\n\n\n\n<li class=\"has-base-color has-text-color has-link-color has-superbfont-medium-font-size wp-elements-31d419a9f4f2cde332eea1dfbe3bf31a\">Accueil des invit\u00e9s<\/li>\n\n\n\n<li class=\"has-base-color has-text-color has-link-color has-superbfont-medium-font-size wp-elements-bc63f18c4af0732f6e16d7e978e140ca\">Aide \u00e0 la mise en place de la d\u00e9coration avec les mari\u00e9s la veille et\/ou le jour du mariage<\/li>\n\n\n\n<li class=\"has-base-color has-text-color has-link-color has-superbfont-medium-font-size wp-elements-8e07a7b77a9c66c290d31bda1066d9e1\">Pr\u00e9sence Wedding Planner le jour du mariage<\/li>\n\n\n\n<li class=\"has-base-color has-text-color has-link-color has-superbfont-medium-font-size wp-elements-4746ca4082a4d3fa8b0264f9c1b79da0\">Une personne suppl\u00e9mentaire<\/li>\n<\/ul>\n\n\n\n<h2 class=\"wp-block-heading has-base-color has-text-color has-link-color has-superbfont-large-font-size wp-elements-3d86e863e17a8d2424c3980793a3881c\">Tarif : \u00e0 partir de 2 000 \u20ac<\/h2>\n\n\n\n<p class=\"has-base-color has-text-color has-link-color has-superbfont-medium-font-size wp-elements-136535b9acbe59e8931b4248afac352b\"><strong>COMPRIS :<\/strong> <\/p>\n\n\n\n<ul class=\"wp-block-list\">\n<li class=\"has-base-color has-text-color has-link-color has-superbfont-medium-font-size wp-elements-a5fd87718214a27e39cb7bd9aee58a91\">Pack d\u00e9corations<\/li>\n<\/ul>\n<\/div>\n\n\n\n<div class=\"wp-block-column has-primary-background-color has-background is-layout-flow wp-block-column-is-layout-flow\" style=\"padding-top:var(--wp--preset--spacing--superbspacing-small);padding-right:var(--wp--preset--spacing--superbspacing-small);padding-bottom:var(--wp--preset--spacing--superbspacing-small);padding-left:var(--wp--preset--spacing--superbspacing-small);flex-basis:1500px\">\n<h1 class=\"wp-block-heading has-mono-4-color has-text-color has-link-color has-superbfont-large-font-size wp-elements-364b3580b4b60aeeccfbe2da0e06814b\" style=\"margin-top:0;margin-bottom:0\">Formule prestige<\/h1>\n\n\n\n<p class=\"has-base-color has-text-color has-link-color has-superbfont-medium-font-size wp-elements-8313bb821faa6724e0fd26ce79422263\">(Sur une base de 50 invit\u00e9s)<\/p>\n\n\n\n<ul class=\"wp-block-list\">\n<li class=\"has-base-color has-text-color has-link-color has-superbfont-medium-font-size wp-elements-6c585e8fa66b0c49e6060a0b11c8d11c\">Recherches illimit\u00e9es et mise en contact avec tous les prestataires de votre \u00e9v\u00e9nement : traiteur, cake designer ou p\u00e2tissier, fleuriste, photographe, vid\u00e9aste, papeterie et faire-part, cadeaux d&rsquo;invit\u00e9s, DJ, officiant de c\u00e9r\u00e9monie, musiciens, chanteur, caricaturiste, magicien, voiture de collection, coiffeuse, maquilleuse\u2026<\/li>\n\n\n\n<li class=\"has-base-color has-text-color has-link-color has-superbfont-medium-font-size wp-elements-1f80b3c364b03f71feda501e49253f80\">1 rendez-vous avec les futurs mari\u00e9s<\/li>\n\n\n\n<li class=\"has-base-color has-text-color has-link-color has-superbfont-medium-font-size wp-elements-b7081c679aff29683e1612ae1ce0ce6d\">1 visite du lieu<\/li>\n\n\n\n<li class=\"has-base-color has-text-color has-link-color has-superbfont-medium-font-size wp-elements-3dd5bae3e02987406c7f9ac60bd32182\">1 rendez-vous technique avec les prestataires au Domaine<\/li>\n\n\n\n<li class=\"has-base-color has-text-color has-link-color has-superbfont-medium-font-size wp-elements-01edc87d70ef232792d24fd0a8018e30\">Cr\u00e9ation du r\u00e9troplanning pour les mari\u00e9s et les prestataires<\/li>\n\n\n\n<li class=\"has-base-color has-text-color has-link-color has-superbfont-medium-font-size wp-elements-0cde91306a2a92c3265cec0f85c238bd\">Apport de conseils<\/li>\n\n\n\n<li class=\"has-base-color has-text-color has-link-color has-superbfont-medium-font-size wp-elements-5b25e014542a5fef1dcbd3a058c218f6\">Briefing avec les prestataires<\/li>\n\n\n\n<li class=\"has-base-color has-text-color has-link-color has-superbfont-medium-font-size wp-elements-557dd5d3b63cf7d7be75d38663092f40\">Briefing avec les mari\u00e9(e)s<\/li>\n\n\n\n<li class=\"has-base-color has-text-color has-link-color has-superbfont-medium-font-size wp-elements-8a29e537a2fe059fd3fc48a026c311e7\">Accompagnement des proches pour les diverses interventions et surprises<\/li>\n\n\n\n<li class=\"has-base-color has-text-color has-link-color has-superbfont-medium-font-size wp-elements-be733652d9e38a735b9fcd27ad786053\">Achats d\u00e9co (si autre envie que la d\u00e9co d\u00e9j\u00e0 existante) en option<\/li>\n\n\n\n<li class=\"has-base-color has-text-color has-link-color has-superbfont-medium-font-size wp-elements-1068376e3a88d19778da9a73d8db8e57\">Mise en place des cartons d&rsquo;invitations, cadeaux des invit\u00e9s, gobelet personnalis\u00e9\u2026<\/li>\n\n\n\n<li class=\"has-base-color has-text-color has-link-color has-superbfont-medium-font-size wp-elements-c34787e7d654fd44f2f02a27809aa8a5\">Travail sur les d\u00e9tails et points techniques<\/li>\n\n\n\n<li class=\"has-base-color has-text-color has-link-color has-superbfont-medium-font-size wp-elements-b6d07779699dd0ce7643e75ed105196a\">Coordination totale de l&rsquo;\u00e9v\u00e9nement.<\/li>\n\n\n\n<li class=\"has-base-color has-text-color has-link-color has-superbfont-medium-font-size wp-elements-4497acce72883f0501d1d32f0997a6fe\">Mise en place de la d\u00e9coration avec mes assistant(e)s la veille du mariage et\/ou le jour J<\/li>\n\n\n\n<li class=\"has-base-color has-text-color has-link-color has-superbfont-medium-font-size wp-elements-6d138ca3b81397356749e8f7d2759590\">Accueil des prestataires<\/li>\n\n\n\n<li class=\"has-base-color has-text-color has-link-color has-superbfont-medium-font-size wp-elements-31d419a9f4f2cde332eea1dfbe3bf31a\">Accueil des invit\u00e9s<\/li>\n\n\n\n<li class=\"has-base-color has-text-color has-link-color has-superbfont-medium-font-size wp-elements-ef5b699242bdae79139dd6e65aee65b5\">Pr\u00e9sence le jour du mariage<\/li>\n\n\n\n<li class=\"has-base-color has-text-color has-link-color has-superbfont-medium-font-size wp-elements-be90340c722f56e9f2b5896cfe1b467d\">2 personnes suppl\u00e9mentaires<\/li>\n<\/ul>\n\n\n\n<h2 class=\"wp-block-heading has-base-color has-text-color has-link-color has-superbfont-large-font-size wp-elements-be768e97a897af6db9b01332496e8b6a\">Tarif : \u00e0 partir de 4 200 \u20ac<\/h2>\n\n\n\n<p class=\"has-base-color has-text-color has-link-color has-superbfont-medium-font-size wp-elements-ba1e7b32ff08df287b8f2ba75f421490\"><strong>COMPRIS :<\/strong><\/p>\n\n\n\n<ul class=\"wp-block-list has-base-color has-text-color has-link-color wp-elements-2bb1e205129f49a60d5e71c85bd5d23b\">\n<li class=\"has-superbfont-medium-font-size\">Pack d\u00e9corations<\/li>\n\n\n\n<li class=\"has-superbfont-medium-font-size\">Pack vaisselle<\/li>\n\n\n\n<li class=\"has-superbfont-medium-font-size\">Pack d\u00e9coration de table<\/li>\n<\/ul>\n<\/div>\n<\/div>\n<\/div>\n","protected":false},"excerpt":{"rendered":"<p>Formule basique (Sur une base de 50 invit\u00e9s) Tarif : \u00e0 partir de 1 000 \u20ac (Si vous avez moins de 50 invit\u00e9s, merci de nous contacter pour obtenir un tarif adapt\u00e9) Formule Cl\u00e9s en Main (Sur une base de 50 invit\u00e9s) Tarif : \u00e0 partir de 2 000 \u20ac COMPRIS : Formule prestige (Sur [&hellip;]<\/p>\n","protected":false},"author":1,"featured_media":0,"parent":0,"menu_order":0,"comment_status":"closed","ping_status":"closed","template":"","meta":{"footnotes":""},"class_list":["post-153","page","type-page","status-publish","hentry"],"_links":{"self":[{"href":"https:\/\/bois-dentelle.fr\/index.php\/wp-json\/wp\/v2\/pages\/153","targetHints":{"allow":["GET"]}}],"collection":[{"href":"https:\/\/bois-dentelle.fr\/index.php\/wp-json\/wp\/v2\/pages"}],"about":[{"href":"https:\/\/bois-dentelle.fr\/index.php\/wp-json\/wp\/v2\/types\/page"}],"author":[{"embeddable":true,"href":"https:\/\/bois-dentelle.fr\/index.php\/wp-json\/wp\/v2\/users\/1"}],"replies":[{"embeddable":true,"href":"https:\/\/bois-dentelle.fr\/index.php\/wp-json\/wp\/v2\/comments?post=153"}],"version-history":[{"count":4,"href":"https:\/\/bois-dentelle.fr\/index.php\/wp-json\/wp\/v2\/pages\/153\/revisions"}],"predecessor-version":[{"id":158,"href":"https:\/\/bois-dentelle.fr\/index.php\/wp-json\/wp\/v2\/pages\/153\/revisions\/158"}],"wp:attachment":[{"href":"https:\/\/bois-dentelle.fr\/index.php\/wp-json\/wp\/v2\/media?parent=153"}],"curies":[{"name":"wp","href":"https:\/\/api.w.org\/{rel}","templated":true}]}}