{"id":97,"date":"2025-08-11T14:56:48","date_gmt":"2025-08-11T13:56:48","guid":{"rendered":"https:\/\/bois-dentelle.fr\/index.php\/services\/"},"modified":"2025-08-12T17:00:35","modified_gmt":"2025-08-12T16:00:35","slug":"services","status":"publish","type":"page","link":"https:\/\/bois-dentelle.fr\/index.php\/services\/","title":{"rendered":"Services"},"content":{"rendered":"\n<p class=\"has-base-color has-text-color has-link-color has-superbfont-xxlarge-font-size wp-elements-840dc37dfeb877aee27b55c95730fa30\">Formule location lieu de r\u00e9ception :<\/p>\n\n\n\n<p class=\"has-base-color has-text-color has-link-color has-superbfont-xlarge-font-size wp-elements-9929339b055af103ced0d6e74df9fa90\">Location du terrain tel quel avec \u00e0 disposition : <\/p>\n\n\n\n<p class=\"has-base-color has-text-color has-link-color has-superbfont-xlarge-font-size wp-elements-21361796375928a84ac0c2758836a3cc\">(formule journ\u00e9e et\/ou formule soir\u00e9e)<\/p>\n\n\n\n<p class=\"has-base-color has-text-color has-link-color has-superbfont-large-font-size wp-elements-33caed9f7703946dc6a103e726274e96\">Une salle, un bar central, un buffet, barbecue et brasero, des jeux (chamboule-tout, anneaux, fl\u00e9chettes\u2026), terrain de boules, terrain de badminton, un parc de jeux pour enfants (balan\u00e7oire, cabane, trampoline\u2026).<\/p>\n\n\n\n<p class=\"has-base-color has-text-color has-link-color has-superbfont-large-font-size wp-elements-ecd9ab3b27d4b88404fec92c05d83f53\">En \u00e9t\u00e9, possibilit\u00e9 de mettre un coin jeux d&rsquo;eau, toilettes s\u00e8ches, grand parking, espace DJ, piste de danse, eau (non potable), \u00e9lectricit\u00e9 (groupe \u00e9lectrog\u00e8ne) vis-\u00e0-vis, pas de voisin (pas de probl\u00e8me de volume sonore), une personne sur place incluse.<\/p>\n\n\n\n<figure class=\"wp-block-table\"><table class=\"has-base-color has-primary-hover-background-color has-text-color has-background has-link-color has-border-color has-primary-border-color has-fixed-layout\"><tbody><tr><td><\/td><td><strong>Demi-journ\u00e9e<\/strong><\/td><td>Journ\u00e9e<\/td><td>Soir\u00e9e<\/td><\/tr><tr><td>Mariage<\/td><td>900\u20ac<\/td><td>1 200\u20ac<\/td><td>1 800\u20ac<\/td><\/tr><tr><td>Bapt\u00eame<\/td><td>750\u20ac<\/td><td>1 000\u20ac<\/td><td>1 400\u20ac<\/td><\/tr><tr><td>Anniversaire &amp; Baby Shower<\/td><td>500\u20ac<\/td><td>800\u20ac<\/td><td>1 000\u20ac<\/td><\/tr><tr><td>Loisir (20 personnes)<\/td><td>300\u20ac<\/td><td>400\u20ac<\/td><td>1 000\u20ac<\/td><\/tr><\/tbody><\/table><\/figure>\n\n\n\n<p class=\"has-base-color has-text-color has-link-color has-superbfont-large-font-size wp-elements-c06f327760b22c6678825b7103b5bdc2\">Pour toute autre demande, devis sur mesure.<\/p>\n\n\n\n<div class=\"wp-block-buttons is-layout-flex wp-block-buttons-is-layout-flex\">\n<div class=\"wp-block-button\"><a class=\"wp-block-button__link wp-element-button\">Contacter moi<\/a><\/div>\n<\/div>\n","protected":false},"excerpt":{"rendered":"<p>Formule location lieu de r\u00e9ception : Location du terrain tel quel avec \u00e0 disposition : (formule journ\u00e9e et\/ou formule soir\u00e9e) Une salle, un bar central, un buffet, barbecue et brasero, des jeux (chamboule-tout, anneaux, fl\u00e9chettes\u2026), terrain de boules, terrain de badminton, un parc de jeux pour enfants (balan\u00e7oire, cabane, trampoline\u2026). En \u00e9t\u00e9, possibilit\u00e9 de mettre [&hellip;]<\/p>\n","protected":false},"author":1,"featured_media":0,"parent":0,"menu_order":0,"comment_status":"closed","ping_status":"closed","template":"","meta":{"footnotes":""},"class_list":["post-97","page","type-page","status-publish","hentry"],"_links":{"self":[{"href":"https:\/\/bois-dentelle.fr\/index.php\/wp-json\/wp\/v2\/pages\/97","targetHints":{"allow":["GET"]}}],"collection":[{"href":"https:\/\/bois-dentelle.fr\/index.php\/wp-json\/wp\/v2\/pages"}],"about":[{"href":"https:\/\/bois-dentelle.fr\/index.php\/wp-json\/wp\/v2\/types\/page"}],"author":[{"embeddable":true,"href":"https:\/\/bois-dentelle.fr\/index.php\/wp-json\/wp\/v2\/users\/1"}],"replies":[{"embeddable":true,"href":"https:\/\/bois-dentelle.fr\/index.php\/wp-json\/wp\/v2\/comments?post=97"}],"version-history":[{"count":4,"href":"https:\/\/bois-dentelle.fr\/index.php\/wp-json\/wp\/v2\/pages\/97\/revisions"}],"predecessor-version":[{"id":152,"href":"https:\/\/bois-dentelle.fr\/index.php\/wp-json\/wp\/v2\/pages\/97\/revisions\/152"}],"wp:attachment":[{"href":"https:\/\/bois-dentelle.fr\/index.php\/wp-json\/wp\/v2\/media?parent=97"}],"curies":[{"name":"wp","href":"https:\/\/api.w.org\/{rel}","templated":true}]}}